{"id":82,"date":"2015-09-07T19:19:33","date_gmt":"2015-09-07T19:19:33","guid":{"rendered":"http:\/\/www.advocaciapistilli.com.br\/novo\/?page_id=82"},"modified":"2023-07-05T20:01:35","modified_gmt":"2023-07-05T20:01:35","slug":"direito-do-trabalho","status":"publish","type":"page","link":"https:\/\/advocaciapistilli.com.br\/?page_id=82","title":{"rendered":"DIREITO DO TRABALHO"},"content":{"rendered":"<div id=\"Layer1\">\n<div class=\"style4\" align=\"justify\">\n<ol>\n<li>Assessoria em quest\u00f5es relacionadas ao contrato de trabalho, tais como forma\u00e7\u00e3o, altera\u00e7\u00e3o e extin\u00e7\u00e3o da rela\u00e7\u00e3o de emprego, dispensa, justa causa, equipara\u00e7\u00e3o salarial, dep\u00f3sito do Fundo de Garantia por Tempo de Servi\u00e7o (FGTS), descanso semanal remunerado, f\u00e9rias, horas extras e noturnas, d\u00e9cimo-terceiro sal\u00e1rio, registro na Carteira de Trabalho e Previd\u00eancia Social, insalubridade, periculosidade, per\u00edodo de experi\u00eancia, servi\u00e7os terceirizados, e demais;<\/li>\n<li>Consultoria para c\u00e1lculo pr\u00e9vio de verbas trabalhistas devidas pela empresa ao empregado, possibilitando uma composi\u00e7\u00e3o amig\u00e1vel entre ambos, sem a necessidade de propositura de a\u00e7\u00f5es judiciais;<\/li>\n<li>Propositura, impugna\u00e7\u00e3o e acompanhamento de a\u00e7\u00f5es de natureza trabalhista para pessoas f\u00edsicas e jur\u00eddicas;<\/li>\n<li>Propositura, impugna\u00e7\u00e3o e acompanhamento de procedimentos trabalhistas instaurados em C\u00e2maras de Concilia\u00e7\u00e3o Pr\u00e9via;<\/li>\n<li>Propositura, impugna\u00e7\u00e3o e acompanhamento de a\u00e7\u00f5es de acidentes do trabalho, tais como repara\u00e7\u00e3o de danos decorrentes de morte do empregado, de incapacidade total ou parcial para o trabalho, de danos est\u00e9ticos (perda de membros, cicatrizes e altera\u00e7\u00f5es no organismo), e demais;<\/li>\n<li>Propositura, impugna\u00e7\u00e3o e acompanhamento de a\u00e7\u00f5es de repara\u00e7\u00e3o de danos morais decorrentes da rela\u00e7\u00e3o de emprego, tais como ass\u00e9dio moral, ass\u00e9dio sexual, furtos cometidos por empregados, e afins;<\/li>\n<li>Consultoria para elabora\u00e7\u00e3o e an\u00e1lise de contratos de trabalho, inclusive de experi\u00eancia, e planos de previd\u00eancia privada;<\/li>\n<li>Representa\u00e7\u00e3o de pessoas f\u00edsicas e jur\u00eddicas em processos administrativos junto \u00e0 Delegacia Regional do Trabalho e ao Instituto Nacional do Seguro Social (INSS), entre outros.<\/li>\n<\/ol>\n<p style=\"text-align: center;\"><img loading=\"lazy\" decoding=\"async\" class=\"aligncenter wp-image-91 size-full\" src=\"http:\/\/advocaciapistilli.com.br\/wp-content\/uploads\/2015\/09\/image12.jpg\" alt=\"image12\" width=\"600\" height=\"400\" srcset=\"https:\/\/advocaciapistilli.com.br\/wp-content\/uploads\/2015\/09\/image12.jpg 600w, https:\/\/advocaciapistilli.com.br\/wp-content\/uploads\/2015\/09\/image12-300x200.jpg 300w, https:\/\/advocaciapistilli.com.br\/wp-content\/uploads\/2015\/09\/image12-280x187.jpg 280w\" sizes=\"auto, (max-width: 600px) 100vw, 600px\" \/><\/p>\n<\/div>\n<\/div>\n<div class=\"style1\" style=\"text-align: center;\" align=\"justify\"><\/div>\n","protected":false},"excerpt":{"rendered":"<p>Assessoria em quest\u00f5es relacionadas ao contrato de trabalho, tais como forma\u00e7\u00e3o, altera\u00e7\u00e3o e extin\u00e7\u00e3o da rela\u00e7\u00e3o de emprego, dispensa, justa causa, equipara\u00e7\u00e3o salarial, dep\u00f3sito do Fundo de Garantia por Tempo de Servi\u00e7o (FGTS), descanso semanal remunerado, f\u00e9rias, horas extras e noturnas, d\u00e9cimo-terceiro sal\u00e1rio, registro na Carteira de Trabalho e Previd\u00eancia Social, insalubridade, periculosidade, per\u00edodo de<\/p>\n","protected":false},"author":1,"featured_media":0,"parent":0,"menu_order":0,"comment_status":"open","ping_status":"open","template":"","meta":{"footnotes":""},"class_list":["post-82","page","type-page","status-publish","hentry"],"_links":{"self":[{"href":"https:\/\/advocaciapistilli.com.br\/index.php?rest_route=\/wp\/v2\/pages\/82","targetHints":{"allow":["GET"]}}],"collection":[{"href":"https:\/\/advocaciapistilli.com.br\/index.php?rest_route=\/wp\/v2\/pages"}],"about":[{"href":"https:\/\/advocaciapistilli.com.br\/index.php?rest_route=\/wp\/v2\/types\/page"}],"author":[{"embeddable":true,"href":"https:\/\/advocaciapistilli.com.br\/index.php?rest_route=\/wp\/v2\/users\/1"}],"replies":[{"embeddable":true,"href":"https:\/\/advocaciapistilli.com.br\/index.php?rest_route=%2Fwp%2Fv2%2Fcomments&post=82"}],"version-history":[{"count":4,"href":"https:\/\/advocaciapistilli.com.br\/index.php?rest_route=\/wp\/v2\/pages\/82\/revisions"}],"predecessor-version":[{"id":180,"href":"https:\/\/advocaciapistilli.com.br\/index.php?rest_route=\/wp\/v2\/pages\/82\/revisions\/180"}],"wp:attachment":[{"href":"https:\/\/advocaciapistilli.com.br\/index.php?rest_route=%2Fwp%2Fv2%2Fmedia&parent=82"}],"curies":[{"name":"wp","href":"https:\/\/api.w.org\/{rel}","templated":true}]}}