{"id":78,"date":"2015-09-07T18:27:49","date_gmt":"2015-09-07T18:27:49","guid":{"rendered":"http:\/\/www.advocaciapistilli.com.br\/novo\/?page_id=78"},"modified":"2023-07-05T20:03:15","modified_gmt":"2023-07-05T20:03:15","slug":"direito-societario","status":"publish","type":"page","link":"https:\/\/advocaciapistilli.com.br\/?page_id=78","title":{"rendered":"DIREITO SOCIET\u00c1RIO"},"content":{"rendered":"<div id=\"Layer1\">\n<div align=\"justify\">\n<ol>\n<li class=\"style4\" style=\"text-align: justify;\">Assessoria a pessoas f\u00edsicas e jur\u00eddicas na constitui\u00e7\u00e3o de sociedades civis e comerciais, associa\u00e7\u00f5es, funda\u00e7\u00f5es, parcerias e outras formas de organiza\u00e7\u00e3o para a explora\u00e7\u00e3o de neg\u00f3cios, atividades e empreendimentos;<\/li>\n<li class=\"style4\" style=\"text-align: justify;\">Elabora\u00e7\u00e3o de contratos sociais para sociedades limitadas, bem como de estatutos, acordos de acionistas, contratos de cons\u00f3rcio, atas de assembl\u00e9ia e de reuni\u00e3o de quotistas e outros documentos societ\u00e1rios;<\/li>\n<li class=\"style4\" style=\"text-align: justify;\">Assessoria no planejamento e estrutura\u00e7\u00e3o de neg\u00f3cios e atividades empresariais em geral;<\/li>\n<li class=\"style4\" style=\"text-align: justify;\">Consultoria em reorganiza\u00e7\u00e3o societ\u00e1ria, inclusive cis\u00f5es, fus\u00f5es, incorpora\u00e7\u00f5es e liquida\u00e7\u00f5es de sociedades;<\/li>\n<li class=\"style4\" style=\"text-align: justify;\">Assessoria a empresas em dificuldades financeiras na renegocia\u00e7\u00e3o de suas d\u00edvidas e na reorganiza\u00e7\u00e3o de seus neg\u00f3cios;<\/li>\n<li class=\"style4\" style=\"text-align: justify;\">Orienta\u00e7\u00e3o no processo de compra e venda de participa\u00e7\u00f5es societ\u00e1rias, de estabelecimentos industriais ou comerciais, de ativos operacionais e de outros bens empresariais;<\/li>\n<li class=\"style4\" style=\"text-align: justify;\">Assessoria a acionistas e s\u00f3cios quotistas em problemas societ\u00e1rios diversos, inclusive em disputas ou diverg\u00eancias entre s\u00f3cios.<\/li>\n<li class=\"style4\" style=\"text-align: justify;\">Propositura, impugna\u00e7\u00e3o e acompanhamento de a\u00e7\u00f5es de dissolu\u00e7\u00e3o total de sociedades civis e comerciais;<\/li>\n<li class=\"style4\" style=\"text-align: justify;\">Propositura, impugna\u00e7\u00e3o e acompanhamento de a\u00e7\u00f5es de dissolu\u00e7\u00e3o parcial de sociedades civis e comerciais, notadamente nas hip\u00f3teses de graves diverg\u00eancias entre s\u00f3cios, impossibilidade de continua\u00e7\u00e3o da sociedade, fim da &#8220;affectio societatis&#8221; ou questionamento do montante devido a t\u00edtulo de haveres sociais;<\/li>\n<li class=\"style4\" style=\"text-align: justify;\">Propositura, impugna\u00e7\u00e3o e acompanhamento de medidas de urg\u00eancia no \u00e2mbito societ\u00e1rio, tais como pagamento antecipado de haveres, anula\u00e7\u00e3o de delibera\u00e7\u00f5es sociais, exclus\u00e3o de s\u00f3cio, afastamento de s\u00f3cio de suas fun\u00e7\u00f5es, suspens\u00e3o ou retomada do pagamento de pr\u00f3-labore e de distribui\u00e7\u00e3o de lucros, exibi\u00e7\u00e3o de livros, balan\u00e7os e documentos sociais e fiscais, arrolamento de bens sociais, produ\u00e7\u00e3o antecipada de provas e per\u00edcias cont\u00e1beis, entre outras;<\/li>\n<li class=\"style4\" style=\"text-align: justify;\">Assessoria na apura\u00e7\u00e3o amig\u00e1vel ou judicial de haveres de s\u00f3cios ou de seus herdeiros, nas hip\u00f3teses de retirada, exclus\u00e3o, falecimento de s\u00f3cio e dissolu\u00e7\u00e3o parcial ou total da sociedade;<\/li>\n<li class=\"style4\" style=\"text-align: justify;\">Resolu\u00e7\u00e3o de problemas relativos ao modo, forma, crit\u00e9rios e extens\u00e3o da apura\u00e7\u00e3o e pagamento de haveres de sociedades civis e comerciais;<\/li>\n<li class=\"style4\" style=\"text-align: justify;\">Propositura, impugna\u00e7\u00e3o e acompanhamento de a\u00e7\u00f5es de reconhecimento e dissolu\u00e7\u00e3o de sociedades de fato;<\/li>\n<li style=\"text-align: justify;\"><span class=\"style4\">Assessoria em quest\u00f5es de responsabilidade civil dos s\u00f3cios quotistas, acionistas e administradores de sociedades em raz\u00e3o de atos praticados em preju\u00edzo da empresa ou dos demais quotistas e acionistas.<\/span><\/li>\n<\/ol>\n<\/div>\n<\/div>\n<div class=\"style1\" style=\"text-align: center;\" align=\"justify\">\u00a0<img loading=\"lazy\" decoding=\"async\" class=\"aligncenter wp-image-80 size-full\" src=\"http:\/\/advocaciapistilli.com.br\/wp-content\/uploads\/2015\/09\/image10.jpg\" alt=\"image10\" width=\"600\" height=\"400\" srcset=\"https:\/\/advocaciapistilli.com.br\/wp-content\/uploads\/2015\/09\/image10.jpg 600w, https:\/\/advocaciapistilli.com.br\/wp-content\/uploads\/2015\/09\/image10-300x200.jpg 300w, https:\/\/advocaciapistilli.com.br\/wp-content\/uploads\/2015\/09\/image10-280x187.jpg 280w\" sizes=\"auto, (max-width: 600px) 100vw, 600px\" \/><\/div>\n","protected":false},"excerpt":{"rendered":"<p>Assessoria a pessoas f\u00edsicas e jur\u00eddicas na constitui\u00e7\u00e3o de sociedades civis e comerciais, associa\u00e7\u00f5es, funda\u00e7\u00f5es, parcerias e outras formas de organiza\u00e7\u00e3o para a explora\u00e7\u00e3o de neg\u00f3cios, atividades e empreendimentos; Elabora\u00e7\u00e3o de contratos sociais para sociedades limitadas, bem como de estatutos, acordos de acionistas, contratos de cons\u00f3rcio, atas de assembl\u00e9ia e de reuni\u00e3o de quotistas e<\/p>\n","protected":false},"author":1,"featured_media":0,"parent":0,"menu_order":0,"comment_status":"open","ping_status":"open","template":"","meta":{"footnotes":""},"class_list":["post-78","page","type-page","status-publish","hentry"],"_links":{"self":[{"href":"https:\/\/advocaciapistilli.com.br\/index.php?rest_route=\/wp\/v2\/pages\/78","targetHints":{"allow":["GET"]}}],"collection":[{"href":"https:\/\/advocaciapistilli.com.br\/index.php?rest_route=\/wp\/v2\/pages"}],"about":[{"href":"https:\/\/advocaciapistilli.com.br\/index.php?rest_route=\/wp\/v2\/types\/page"}],"author":[{"embeddable":true,"href":"https:\/\/advocaciapistilli.com.br\/index.php?rest_route=\/wp\/v2\/users\/1"}],"replies":[{"embeddable":true,"href":"https:\/\/advocaciapistilli.com.br\/index.php?rest_route=%2Fwp%2Fv2%2Fcomments&post=78"}],"version-history":[{"count":3,"href":"https:\/\/advocaciapistilli.com.br\/index.php?rest_route=\/wp\/v2\/pages\/78\/revisions"}],"predecessor-version":[{"id":184,"href":"https:\/\/advocaciapistilli.com.br\/index.php?rest_route=\/wp\/v2\/pages\/78\/revisions\/184"}],"wp:attachment":[{"href":"https:\/\/advocaciapistilli.com.br\/index.php?rest_route=%2Fwp%2Fv2%2Fmedia&parent=78"}],"curies":[{"name":"wp","href":"https:\/\/api.w.org\/{rel}","templated":true}]}}