{"id":66,"date":"2015-09-07T17:10:56","date_gmt":"2015-09-07T17:10:56","guid":{"rendered":"http:\/\/www.advocaciapistilli.com.br\/novo\/?page_id=66"},"modified":"2023-07-05T20:02:17","modified_gmt":"2023-07-05T20:02:17","slug":"direito-imobiliario","status":"publish","type":"page","link":"https:\/\/advocaciapistilli.com.br\/?page_id=66","title":{"rendered":"DIREITO IMOBILI\u00c1RIO"},"content":{"rendered":"<ul style=\"text-align: justify;\">\n<li><span class=\"style4\">Assessoria em quest\u00f5es de loca\u00e7\u00e3o e subloca\u00e7\u00e3o de im\u00f3veis, tais como a propositura, impugna\u00e7\u00e3o e acompanhamento de a\u00e7\u00f5es de despejo por falta de pagamento de alugu\u00e9is e acess\u00f3rios da loca\u00e7\u00e3o, a\u00e7\u00f5es ordin\u00e1rias de despejo, execu\u00e7\u00f5es de alugu\u00e9is, a\u00e7\u00f5es revisionais de aluguel e renovat\u00f3rias de loca\u00e7\u00e3o, a\u00e7\u00f5es de consigna\u00e7\u00e3o em pagamento e solu\u00e7\u00e3o de problemas de direito de prefer\u00eancia, benfeitorias, garantias locat\u00edcias, loca\u00e7\u00e3o para temporada, e demais; <\/span><\/li>\n<li><span class=\"style4\">Resolu\u00e7\u00e3o de conflitos em condom\u00ednios, tais como cobran\u00e7a de despesas condominiais ordin\u00e1rias e extraordin\u00e1rias, elabora\u00e7\u00e3o, retifica\u00e7\u00e3o e an\u00e1lise de conven\u00e7\u00f5es de condom\u00ednio, solu\u00e7\u00e3o de problemas relacionados a delibera\u00e7\u00f5es e assembl\u00e9ias, rateio de despesas comuns, direitos e deveres de s\u00edndicos e cond\u00f4minos, uso da \u00e1rea comum, manuten\u00e7\u00e3o de animais no im\u00f3vel, mau uso da propriedade, multas disciplinares, responsabilidade civil do condom\u00ednio por danos, presta\u00e7\u00e3o de contas do s\u00edndico e demais membros do corpo diretivo, entre outras; <\/span><\/li>\n<li><span class=\"style4\">Consultoria em quest\u00f5es oriundas da compra e venda de im\u00f3veis, tais como problemas de inadimplemento e arrependimento, rescis\u00e3o e resili\u00e7\u00e3o contratual, restitui\u00e7\u00e3o de quantias pagas, adjudica\u00e7\u00e3o compuls\u00f3ria, outorga de escritura definitiva, libera\u00e7\u00e3o de hipoteca incidente sobre o im\u00f3vel, da\u00e7\u00e3o de im\u00f3vel em pagamento, cobran\u00e7a de comiss\u00e3o de corretagem, e demais; <\/span><\/li>\n<li><span class=\"style4\">Verifica\u00e7\u00e3o da titularidade e exist\u00eancia de \u00f4nus sobre im\u00f3veis urbanos e rurais, possibilitando uma transa\u00e7\u00e3o sem riscos para vendedor e comprador; <\/span><\/li>\n<li><span class=\"style4\">Assessoria em quest\u00f5es de constru\u00e7\u00e3o e incorpora\u00e7\u00e3o de im\u00f3veis, tais como responsabilidade civil por defeitos no im\u00f3vel, verifica\u00e7\u00e3o da regularidade da edifica\u00e7\u00e3o e da incorpora\u00e7\u00e3o, danos ao meio ambiente, problemas de embargo de obras, danos morais, responsabilidade dos engenheiros e arquitetos; <\/span><\/li>\n<li><span class=\"style4\">Consultoria de neg\u00f3cios imobili\u00e1rios e elabora\u00e7\u00e3o de contratos de compra e venda, permuta, da\u00e7\u00e3o em pagamento, constitui\u00e7\u00e3o de hipotecas, loca\u00e7\u00f5es residenciais, comerciais, para temporada, comodato, e demais; <\/span><\/li>\n<li><span class=\"style4\">Consultoria, elabora\u00e7\u00e3o e revis\u00e3o de escrituras e contratos relativos \u00e0 compra, venda e loca\u00e7\u00e3o de im\u00f3veis diversos, tais como terrenos, casas, apartamentos, condom\u00ednios, loteamentos, shopping centers, desdobramentos e incorpora\u00e7\u00f5es; <\/span><\/li>\n<li><span class=\"style4\">Atua\u00e7\u00e3o junto aos Servi\u00e7os Notariais de Registros de Im\u00f3veis e demais \u00f3rg\u00e3os p\u00fablicos, para o fim de regularizar transa\u00e7\u00f5es imobili\u00e1rias e obter, retificar ou cancelar registros e averba\u00e7\u00f5es.<\/span><\/li>\n<\/ul>\n<p style=\"text-align: center;\"><img loading=\"lazy\" decoding=\"async\" class=\"aligncenter wp-image-69 size-full\" src=\"http:\/\/advocaciapistilli.com.br\/wp-content\/uploads\/2015\/09\/image8.jpg\" alt=\"image8\" width=\"600\" height=\"400\" srcset=\"https:\/\/advocaciapistilli.com.br\/wp-content\/uploads\/2015\/09\/image8.jpg 600w, https:\/\/advocaciapistilli.com.br\/wp-content\/uploads\/2015\/09\/image8-300x200.jpg 300w, https:\/\/advocaciapistilli.com.br\/wp-content\/uploads\/2015\/09\/image8-280x187.jpg 280w\" sizes=\"auto, (max-width: 600px) 100vw, 600px\" \/><\/p>\n","protected":false},"excerpt":{"rendered":"<p>Assessoria em quest\u00f5es de loca\u00e7\u00e3o e subloca\u00e7\u00e3o de im\u00f3veis, tais como a propositura, impugna\u00e7\u00e3o e acompanhamento de a\u00e7\u00f5es de despejo por falta de pagamento de alugu\u00e9is e acess\u00f3rios da loca\u00e7\u00e3o, a\u00e7\u00f5es ordin\u00e1rias de despejo, execu\u00e7\u00f5es de alugu\u00e9is, a\u00e7\u00f5es revisionais de aluguel e renovat\u00f3rias de loca\u00e7\u00e3o, a\u00e7\u00f5es de consigna\u00e7\u00e3o em pagamento e solu\u00e7\u00e3o de problemas de<\/p>\n","protected":false},"author":1,"featured_media":0,"parent":0,"menu_order":0,"comment_status":"open","ping_status":"open","template":"","meta":{"footnotes":""},"class_list":["post-66","page","type-page","status-publish","hentry"],"_links":{"self":[{"href":"https:\/\/advocaciapistilli.com.br\/index.php?rest_route=\/wp\/v2\/pages\/66","targetHints":{"allow":["GET"]}}],"collection":[{"href":"https:\/\/advocaciapistilli.com.br\/index.php?rest_route=\/wp\/v2\/pages"}],"about":[{"href":"https:\/\/advocaciapistilli.com.br\/index.php?rest_route=\/wp\/v2\/types\/page"}],"author":[{"embeddable":true,"href":"https:\/\/advocaciapistilli.com.br\/index.php?rest_route=\/wp\/v2\/users\/1"}],"replies":[{"embeddable":true,"href":"https:\/\/advocaciapistilli.com.br\/index.php?rest_route=%2Fwp%2Fv2%2Fcomments&post=66"}],"version-history":[{"count":5,"href":"https:\/\/advocaciapistilli.com.br\/index.php?rest_route=\/wp\/v2\/pages\/66\/revisions"}],"predecessor-version":[{"id":181,"href":"https:\/\/advocaciapistilli.com.br\/index.php?rest_route=\/wp\/v2\/pages\/66\/revisions\/181"}],"wp:attachment":[{"href":"https:\/\/advocaciapistilli.com.br\/index.php?rest_route=%2Fwp%2Fv2%2Fmedia&parent=66"}],"curies":[{"name":"wp","href":"https:\/\/api.w.org\/{rel}","templated":true}]}}