{"id":53,"date":"2015-09-07T16:39:48","date_gmt":"2015-09-07T16:39:48","guid":{"rendered":"http:\/\/www.advocaciapistilli.com.br\/novo\/?page_id=53"},"modified":"2023-07-05T20:00:53","modified_gmt":"2023-07-05T20:00:53","slug":"direito-comercial","status":"publish","type":"page","link":"https:\/\/advocaciapistilli.com.br\/?page_id=53","title":{"rendered":"DIREITO COMERCIAL"},"content":{"rendered":"<ul style=\"text-align: justify;\">\n<li class=\"style4\">Consultoria e resolu\u00e7\u00e3o de problemas relativos a contratos e obriga\u00e7\u00f5es comerciais, tais como compra e venda mercantil, aliena\u00e7\u00e3o fiduci\u00e1ria em garantia, arrendamento mercantil (leasing), mandato mercantil, representa\u00e7\u00e3o comercial, gest\u00e3o de neg\u00f3cios, fian\u00e7a mercantil, faturiza\u00e7\u00e3o (factoring), penhor mercantil, franquia (franchising), m\u00fatuo mercantil, know-how, concess\u00e3o comercial, capitaliza\u00e7\u00e3o, arrendamento de estabelecimento comercial, e demais;<\/li>\n<li class=\"style4\">Solu\u00e7\u00e3o de quest\u00f5es relativas \u00e0 propriedade industrial, marcas, patentes, desenhos industriais, inven\u00e7\u00e3o, modelo de utilidade, e demais;<\/li>\n<li class=\"style4\">Assessoria junto aos \u00f3rg\u00e3os p\u00fablicos competentes para a efetiva\u00e7\u00e3o do registro de obras intelectuais, marcas, patentes;<\/li>\n<li class=\"style4\">Propositura, impugna\u00e7\u00e3o e acompanhamento de a\u00e7\u00f5es objetivando a prote\u00e7\u00e3o de direitos decorrentes do registro de marcas e patentes, bem como para questionar ou anular registros concedidos indevidamente;<\/li>\n<li class=\"style4\">Resolu\u00e7\u00e3o de problemas de concorr\u00eancia desleal, contrafa\u00e7\u00e3o de marcas e patentes, abuso do poder econ\u00f4mico, conflito de nomes comerciais e marcas registradas, nomes de dom\u00ednio na Internet e marcas, al\u00e9m de medidas de urg\u00eancia como a\u00e7\u00f5es de busca e apreens\u00e3o;<\/li>\n<li class=\"style4\">Cobran\u00e7a e assessoria relativa a t\u00edtulos de cr\u00e9dito, tais como letras de c\u00e2mbio, cheques, notas promiss\u00f3rias, duplicatas, conhecimentos de dep\u00f3sito, de frete e de transporte, warrant, c\u00e9dulas de cr\u00e9dito comercial e banc\u00e1rio, bem como fian\u00e7as, avais, endossos, aceites e protestos;<\/li>\n<li class=\"style4\">Propositura, impugna\u00e7\u00e3o e acompanhamento de a\u00e7\u00f5es de susta\u00e7\u00e3o e cancelamento de protestos, bem como de a\u00e7\u00f5es declarat\u00f3rias de inexigibilidade de t\u00edtulos de cr\u00e9dito, notadamente com rela\u00e7\u00e3o a t\u00edtulos simulados, sem origem, fraudados, descontados em bancos e em empresas factoring ou j\u00e1 pagos;<\/li>\n<li><span class=\"style4\">Assessoria em quest\u00f5es de fal\u00eancia, tais como ajuizamento e impugna\u00e7\u00e3o de pedidos de fal\u00eancia, acompanhamento de processos falimentares, habilita\u00e7\u00e3o e verifica\u00e7\u00e3o de cr\u00e9ditos, restitui\u00e7\u00e3o de mercadorias, observa\u00e7\u00e3o da realiza\u00e7\u00e3o do ativo e pagamento do passivo, bem como propositura, impugna\u00e7\u00e3o e acompanhamento de embargos de terceiros e de a\u00e7\u00f5es revocat\u00f3rias, com o objetivo de declarar a inefic\u00e1cia de atos praticados pelo devedor antes da fal\u00eancia, de forma a evitar preju\u00edzo aos credores.<\/span><\/li>\n<\/ul>\n<p>&nbsp;<\/p>\n<p><img loading=\"lazy\" decoding=\"async\" class=\"aligncenter wp-image-55 size-full\" src=\"http:\/\/advocaciapistilli.com.br\/wp-content\/uploads\/2015\/09\/image5.jpg\" alt=\"image5\" width=\"600\" height=\"400\" srcset=\"https:\/\/advocaciapistilli.com.br\/wp-content\/uploads\/2015\/09\/image5.jpg 600w, https:\/\/advocaciapistilli.com.br\/wp-content\/uploads\/2015\/09\/image5-300x200.jpg 300w, https:\/\/advocaciapistilli.com.br\/wp-content\/uploads\/2015\/09\/image5-280x187.jpg 280w\" sizes=\"auto, (max-width: 600px) 100vw, 600px\" \/><\/p>\n","protected":false},"excerpt":{"rendered":"<p>Consultoria e resolu\u00e7\u00e3o de problemas relativos a contratos e obriga\u00e7\u00f5es comerciais, tais como compra e venda mercantil, aliena\u00e7\u00e3o fiduci\u00e1ria em garantia, arrendamento mercantil (leasing), mandato mercantil, representa\u00e7\u00e3o comercial, gest\u00e3o de neg\u00f3cios, fian\u00e7a mercantil, faturiza\u00e7\u00e3o (factoring), penhor mercantil, franquia (franchising), m\u00fatuo mercantil, know-how, concess\u00e3o comercial, capitaliza\u00e7\u00e3o, arrendamento de estabelecimento comercial, e demais; Solu\u00e7\u00e3o de quest\u00f5es relativas<\/p>\n","protected":false},"author":1,"featured_media":0,"parent":0,"menu_order":0,"comment_status":"open","ping_status":"open","template":"","meta":{"footnotes":""},"class_list":["post-53","page","type-page","status-publish","hentry"],"_links":{"self":[{"href":"https:\/\/advocaciapistilli.com.br\/index.php?rest_route=\/wp\/v2\/pages\/53","targetHints":{"allow":["GET"]}}],"collection":[{"href":"https:\/\/advocaciapistilli.com.br\/index.php?rest_route=\/wp\/v2\/pages"}],"about":[{"href":"https:\/\/advocaciapistilli.com.br\/index.php?rest_route=\/wp\/v2\/types\/page"}],"author":[{"embeddable":true,"href":"https:\/\/advocaciapistilli.com.br\/index.php?rest_route=\/wp\/v2\/users\/1"}],"replies":[{"embeddable":true,"href":"https:\/\/advocaciapistilli.com.br\/index.php?rest_route=%2Fwp%2Fv2%2Fcomments&post=53"}],"version-history":[{"count":3,"href":"https:\/\/advocaciapistilli.com.br\/index.php?rest_route=\/wp\/v2\/pages\/53\/revisions"}],"predecessor-version":[{"id":177,"href":"https:\/\/advocaciapistilli.com.br\/index.php?rest_route=\/wp\/v2\/pages\/53\/revisions\/177"}],"wp:attachment":[{"href":"https:\/\/advocaciapistilli.com.br\/index.php?rest_route=%2Fwp%2Fv2%2Fmedia&parent=53"}],"curies":[{"name":"wp","href":"https:\/\/api.w.org\/{rel}","templated":true}]}}