{"id":49,"date":"2015-09-07T16:34:41","date_gmt":"2015-09-07T16:34:41","guid":{"rendered":"http:\/\/www.advocaciapistilli.com.br\/novo\/?page_id=49"},"modified":"2023-07-05T20:00:05","modified_gmt":"2023-07-05T20:00:05","slug":"direito-civil","status":"publish","type":"page","link":"https:\/\/advocaciapistilli.com.br\/?page_id=49","title":{"rendered":"DIREITO CIVIL"},"content":{"rendered":"<div id=\"Layer1\">\n<div align=\"justify\">\n<ol>\n<li style=\"text-align: justify;\"><span class=\"style3\">Assessoria para elabora\u00e7\u00e3o, revis\u00e3o e an\u00e1lise de contratos civis, tais como compromisso de compra e venda, compra e venda, venda em consigna\u00e7\u00e3o, incorpora\u00e7\u00e3o imobili\u00e1ria, administra\u00e7\u00e3o de im\u00f3veis, troca ou permuta, doa\u00e7\u00e3o, loca\u00e7\u00e3o, penhor, hipoteca, anticrese, assist\u00eancia m\u00e9dica, hospedagem, shopping center, constitui\u00e7\u00e3o de renda, comodato, m\u00fatuo, dep\u00f3sito, direitos autorais, cons\u00f3rcio, transporte, seguro, desportivos, e demais; <\/span><\/li>\n<li style=\"text-align: justify;\"><span class=\"style3\">Propositura, impugna\u00e7\u00e3o e acompanhamento de a\u00e7\u00f5es visando solucionar eventual descumprimento dos contratos acima mencionados, obtendo-se assim o seu cumprimento for\u00e7ado e indeniza\u00e7\u00e3o pelos preju\u00edzos sofridos; <\/span><\/li>\n<li style=\"text-align: justify;\"><span class=\"style3\">Propositura, impugna\u00e7\u00e3o e acompanhamento de medidas de urg\u00eancia no \u00e2mbito do Direito Civil, tais como arresto e seq\u00fcestro de bens, busca e apreens\u00e3o, exibi\u00e7\u00e3o, cau\u00e7\u00e3o, produ\u00e7\u00e3o antecipada de provas, justifica\u00e7\u00e3o, susta\u00e7\u00e3o de protesto, pr\u00e1tica de atentado, e demais; <\/span><\/li>\n<li style=\"text-align: justify;\"><span class=\"style3\">Resolu\u00e7\u00e3o de problemas de responsabilidade civil contratual e extracontratual, tanto objetiva quanto subjetiva, quer em decorr\u00eancia do inadimplemento volunt\u00e1rio das obriga\u00e7\u00f5es ou mora do devedor, quer em fun\u00e7\u00e3o de dolo, culpa e risco; <\/span><\/li>\n<li style=\"text-align: justify;\"><span class=\"style3\">Propositura, impugna\u00e7\u00e3o e acompanhamento de a\u00e7\u00f5es de indeniza\u00e7\u00e3o de danos patrimoniais, tais como preju\u00edzos patrimoniais diretos e indiretos, lucros cessantes, danos emergentes, e demais; <\/span><\/li>\n<li style=\"text-align: justify;\"><span class=\"style3\">Propositura, impugna\u00e7\u00e3o e acompanhamento de a\u00e7\u00f5es de repara\u00e7\u00e3o de danos morais, tais como danos ao nome, \u00e0 imagem, \u00e0 honra, \u00e0 dignidade da pessoa, constrangimentos, danos est\u00e9ticos, abalo de cr\u00e9dito, e demais; <\/span><\/li>\n<li style=\"text-align: justify;\"><span class=\"style3\">Propositura, impugna\u00e7\u00e3o e acompanhamento de a\u00e7\u00f5es de presta\u00e7\u00e3o de contas, consigna\u00e7\u00e3o em pagamento, dep\u00f3sito, anula\u00e7\u00e3o e substitui\u00e7\u00e3o de t\u00edtulos ao portador; <\/span><\/li>\n<li style=\"text-align: justify;\"><span class=\"style3\">Propositura, impugna\u00e7\u00e3o e acompanhamento de a\u00e7\u00f5es monit\u00f3rias, objetivando o pagamento de soma em dinheiro, principalmente de t\u00edtulos de cr\u00e9dito prescritos e outros documentos escritos sem efic\u00e1cia de t\u00edtulo executivo, bem como de a\u00e7\u00f5es de execu\u00e7\u00e3o de t\u00edtulos de cr\u00e9dito, tais como letras de c\u00e2mbio, notas promiss\u00f3rias, duplicatas, deb\u00eantures, cheques, confiss\u00f5es de d\u00edvida, escrituras p\u00fablicas de reconhecimento de d\u00edvida, e demais; <\/span><\/li>\n<li style=\"text-align: justify;\"><span class=\"style3\">Propositura, impugna\u00e7\u00e3o e acompanhamento de a\u00e7\u00f5es perante os Juizados Especiais C\u00edveis e Juizados Informais de Concilia\u00e7\u00e3o, tamb\u00e9m conhecidos como Juizados de Pequenas Causas;<\/span><\/li>\n<li style=\"text-align: justify;\"><span class=\"style3\">Consultoria para elabora\u00e7\u00e3o de notifica\u00e7\u00f5es e interpela\u00e7\u00f5es judiciais e extrajudiciais, de forma a responsabilizar, provar, provocar provas, prevenir responsabilidades, precaver contra danos, constituir mora, solicitar cumprimento de obriga\u00e7\u00f5es, com a inten\u00e7\u00e3o de obter uma composi\u00e7\u00e3o amig\u00e1vel antes de instaurado o processo judicial, entre outros<\/span><\/li>\n<\/ol>\n<\/div>\n<\/div>\n<p><img loading=\"lazy\" decoding=\"async\" class=\"aligncenter wp-image-51 size-full\" src=\"http:\/\/advocaciapistilli.com.br\/wp-content\/uploads\/2015\/09\/image4.jpg\" alt=\"image4\" width=\"600\" height=\"400\" srcset=\"https:\/\/advocaciapistilli.com.br\/wp-content\/uploads\/2015\/09\/image4.jpg 600w, https:\/\/advocaciapistilli.com.br\/wp-content\/uploads\/2015\/09\/image4-300x200.jpg 300w, https:\/\/advocaciapistilli.com.br\/wp-content\/uploads\/2015\/09\/image4-280x187.jpg 280w\" sizes=\"auto, (max-width: 600px) 100vw, 600px\" \/><\/p>\n<p>&nbsp;<\/p>\n","protected":false},"excerpt":{"rendered":"<p>Assessoria para elabora\u00e7\u00e3o, revis\u00e3o e an\u00e1lise de contratos civis, tais como compromisso de compra e venda, compra e venda, venda em consigna\u00e7\u00e3o, incorpora\u00e7\u00e3o imobili\u00e1ria, administra\u00e7\u00e3o de im\u00f3veis, troca ou permuta, doa\u00e7\u00e3o, loca\u00e7\u00e3o, penhor, hipoteca, anticrese, assist\u00eancia m\u00e9dica, hospedagem, shopping center, constitui\u00e7\u00e3o de renda, comodato, m\u00fatuo, dep\u00f3sito, direitos autorais, cons\u00f3rcio, transporte, seguro, desportivos, e demais; Propositura,<\/p>\n","protected":false},"author":1,"featured_media":0,"parent":0,"menu_order":0,"comment_status":"open","ping_status":"open","template":"","meta":{"footnotes":""},"class_list":["post-49","page","type-page","status-publish","hentry"],"_links":{"self":[{"href":"https:\/\/advocaciapistilli.com.br\/index.php?rest_route=\/wp\/v2\/pages\/49","targetHints":{"allow":["GET"]}}],"collection":[{"href":"https:\/\/advocaciapistilli.com.br\/index.php?rest_route=\/wp\/v2\/pages"}],"about":[{"href":"https:\/\/advocaciapistilli.com.br\/index.php?rest_route=\/wp\/v2\/types\/page"}],"author":[{"embeddable":true,"href":"https:\/\/advocaciapistilli.com.br\/index.php?rest_route=\/wp\/v2\/users\/1"}],"replies":[{"embeddable":true,"href":"https:\/\/advocaciapistilli.com.br\/index.php?rest_route=%2Fwp%2Fv2%2Fcomments&post=49"}],"version-history":[{"count":2,"href":"https:\/\/advocaciapistilli.com.br\/index.php?rest_route=\/wp\/v2\/pages\/49\/revisions"}],"predecessor-version":[{"id":176,"href":"https:\/\/advocaciapistilli.com.br\/index.php?rest_route=\/wp\/v2\/pages\/49\/revisions\/176"}],"wp:attachment":[{"href":"https:\/\/advocaciapistilli.com.br\/index.php?rest_route=%2Fwp%2Fv2%2Fmedia&parent=49"}],"curies":[{"name":"wp","href":"https:\/\/api.w.org\/{rel}","templated":true}]}}