{"id":25,"date":"2015-09-07T15:56:01","date_gmt":"2015-09-07T15:56:01","guid":{"rendered":"http:\/\/www.advocaciapistilli.com.br\/novo\/?page_id=25"},"modified":"2023-07-05T20:40:30","modified_gmt":"2023-07-05T20:40:30","slug":"institucional","status":"publish","type":"page","link":"https:\/\/advocaciapistilli.com.br\/?page_id=25","title":{"rendered":"INSTITUCIONAL"},"content":{"rendered":"<p class=\"style7\" style=\"text-align: justify;\" align=\"justify\">Com foco exclusivamente em resultados, a ADVOCACIA PISTILLI \u00e9 um Escrit\u00f3rio criado para prover clientes de forma rigorosamente personalizada, oferecendo moderna tecnologia aliada \u00e0 s\u00f3lida e atual informa\u00e7\u00e3o jur\u00eddica.<\/p>\n<p class=\"style7\" style=\"text-align: justify;\" align=\"justify\">Oferecemos assessoria jur\u00eddica consultiva, objetivando a preven\u00e7\u00e3o de lit\u00edgios judiciais. Al\u00e9m de advocacia contenciosa, defendendo os interesses de seus clientes.<\/p>\n<p class=\"style8\" style=\"text-align: justify;\" align=\"justify\"><span class=\"style9\">Representando e orientando seus clientes em \u00e2mbito nacional, administrativa e judicialmente nas mais diversas \u00e1reas do direit<\/span>o.<\/p>\n<p class=\"style8\" style=\"text-align: justify;\" align=\"justify\">Realizamos reuni\u00f5es \/ atendimentos telepresenciais atrav\u00e9s de ferramentas como Skype.<\/p>\n<p class=\"style8\" style=\"text-align: center;\" align=\"justify\"><a href=\"http:\/\/advocaciapistilli.com.br\/wp-content\/uploads\/2015\/09\/image1.jpg\" class=\"hoverBorder alignnone\"><img loading=\"lazy\" decoding=\"async\" class=\" wp-image-34 size-full\" src=\"http:\/\/advocaciapistilli.com.br\/wp-content\/uploads\/2015\/09\/image1.jpg\" alt=\"\" width=\"600\" height=\"400\" srcset=\"https:\/\/advocaciapistilli.com.br\/wp-content\/uploads\/2015\/09\/image1.jpg 600w, https:\/\/advocaciapistilli.com.br\/wp-content\/uploads\/2015\/09\/image1-300x200.jpg 300w, https:\/\/advocaciapistilli.com.br\/wp-content\/uploads\/2015\/09\/image1-280x187.jpg 280w\" sizes=\"auto, (max-width: 600px) 100vw, 600px\" \/><\/a><\/p>\n","protected":false},"excerpt":{"rendered":"<p>Com foco exclusivamente em resultados, a ADVOCACIA PISTILLI \u00e9 um Escrit\u00f3rio criado para prover clientes de forma rigorosamente personalizada, oferecendo moderna tecnologia aliada \u00e0 s\u00f3lida e atual informa\u00e7\u00e3o jur\u00eddica. Oferecemos assessoria jur\u00eddica consultiva, objetivando a preven\u00e7\u00e3o de lit\u00edgios judiciais. Al\u00e9m de advocacia contenciosa, defendendo os interesses de seus clientes. Representando e orientando seus clientes em<\/p>\n","protected":false},"author":1,"featured_media":0,"parent":0,"menu_order":0,"comment_status":"open","ping_status":"open","template":"","meta":{"footnotes":""},"class_list":["post-25","page","type-page","status-publish","hentry"],"_links":{"self":[{"href":"https:\/\/advocaciapistilli.com.br\/index.php?rest_route=\/wp\/v2\/pages\/25","targetHints":{"allow":["GET"]}}],"collection":[{"href":"https:\/\/advocaciapistilli.com.br\/index.php?rest_route=\/wp\/v2\/pages"}],"about":[{"href":"https:\/\/advocaciapistilli.com.br\/index.php?rest_route=\/wp\/v2\/types\/page"}],"author":[{"embeddable":true,"href":"https:\/\/advocaciapistilli.com.br\/index.php?rest_route=\/wp\/v2\/users\/1"}],"replies":[{"embeddable":true,"href":"https:\/\/advocaciapistilli.com.br\/index.php?rest_route=%2Fwp%2Fv2%2Fcomments&post=25"}],"version-history":[{"count":8,"href":"https:\/\/advocaciapistilli.com.br\/index.php?rest_route=\/wp\/v2\/pages\/25\/revisions"}],"predecessor-version":[{"id":189,"href":"https:\/\/advocaciapistilli.com.br\/index.php?rest_route=\/wp\/v2\/pages\/25\/revisions\/189"}],"wp:attachment":[{"href":"https:\/\/advocaciapistilli.com.br\/index.php?rest_route=%2Fwp%2Fv2%2Fmedia&parent=25"}],"curies":[{"name":"wp","href":"https:\/\/api.w.org\/{rel}","templated":true}]}}