{"id":155,"date":"2016-02-10T19:10:56","date_gmt":"2016-02-10T19:10:56","guid":{"rendered":"http:\/\/www.advocaciapistilli.com.br\/novo\/?page_id=155"},"modified":"2023-07-05T20:02:51","modified_gmt":"2023-07-05T20:02:51","slug":"direito-previdenciario","status":"publish","type":"page","link":"https:\/\/advocaciapistilli.com.br\/?page_id=155","title":{"rendered":"DIREITO PREVIDENCI\u00c1RIO"},"content":{"rendered":"<p style=\"text-align: justify;\">A Advocacia Previdenci\u00e1ria (consultiva e judicial) teve o seu maior reconhecimento ap\u00f3s a Constitui\u00e7\u00e3o Federal de 1988, onde envolve milhares de pessoas em quest\u00f5es relativas a aposentadorias, pens\u00f5es, aux\u00edlios e revis\u00f5es dos contribuintes junto a Seguridade Social.<\/p>\n<p style=\"text-align: justify;\">* Aposentadoria<br \/>\n* Aposentadoria Especial<br \/>\n*Aposentadoria por Invalidez<br \/>\n* Pens\u00e3o por Morte<br \/>\n* Aux\u00edlio-Doen\u00e7a<br \/>\n* Aux\u00edlio-Acidente<br \/>\n* Aux\u00edlio-Reclus\u00e3o<br \/>\n* Sal\u00e1rio-Maternidade<br \/>\n* BPC\/LOAS<br \/>\n* Revis\u00e3o de Benef\u00edcios<\/p>\n<p style=\"text-align: justify;\">\n<p style=\"text-align: justify;\"><a href=\"http:\/\/advocaciapistilli.com.br\/wp-content\/uploads\/2016\/02\/previdenciario.jpg\" class=\"hoverBorder aligncenter\"><img loading=\"lazy\" decoding=\"async\" class=\" wp-image-161 size-medium\" src=\"http:\/\/advocaciapistilli.com.br\/wp-content\/uploads\/2016\/02\/previdenciario-300x200.jpg\" alt=\"\" width=\"300\" height=\"200\" srcset=\"https:\/\/advocaciapistilli.com.br\/wp-content\/uploads\/2016\/02\/previdenciario-300x200.jpg 300w, https:\/\/advocaciapistilli.com.br\/wp-content\/uploads\/2016\/02\/previdenciario-1024x681.jpg 1024w, https:\/\/advocaciapistilli.com.br\/wp-content\/uploads\/2016\/02\/previdenciario-280x187.jpg 280w, https:\/\/advocaciapistilli.com.br\/wp-content\/uploads\/2016\/02\/previdenciario-1170x778.jpg 1170w\" sizes=\"auto, (max-width: 300px) 100vw, 300px\" \/><\/a><\/p>\n","protected":false},"excerpt":{"rendered":"<p>A Advocacia Previdenci\u00e1ria (consultiva e judicial) teve o seu maior reconhecimento ap\u00f3s a Constitui\u00e7\u00e3o Federal de 1988, onde envolve milhares de pessoas em quest\u00f5es relativas a aposentadorias, pens\u00f5es, aux\u00edlios e revis\u00f5es dos contribuintes junto a Seguridade Social. * Aposentadoria * Aposentadoria Especial *Aposentadoria por Invalidez * Pens\u00e3o por Morte * Aux\u00edlio-Doen\u00e7a * Aux\u00edlio-Acidente * Aux\u00edlio-Reclus\u00e3o<\/p>\n","protected":false},"author":1,"featured_media":0,"parent":0,"menu_order":0,"comment_status":"open","ping_status":"open","template":"","meta":{"footnotes":""},"class_list":["post-155","page","type-page","status-publish","hentry"],"_links":{"self":[{"href":"https:\/\/advocaciapistilli.com.br\/index.php?rest_route=\/wp\/v2\/pages\/155","targetHints":{"allow":["GET"]}}],"collection":[{"href":"https:\/\/advocaciapistilli.com.br\/index.php?rest_route=\/wp\/v2\/pages"}],"about":[{"href":"https:\/\/advocaciapistilli.com.br\/index.php?rest_route=\/wp\/v2\/types\/page"}],"author":[{"embeddable":true,"href":"https:\/\/advocaciapistilli.com.br\/index.php?rest_route=\/wp\/v2\/users\/1"}],"replies":[{"embeddable":true,"href":"https:\/\/advocaciapistilli.com.br\/index.php?rest_route=%2Fwp%2Fv2%2Fcomments&post=155"}],"version-history":[{"count":6,"href":"https:\/\/advocaciapistilli.com.br\/index.php?rest_route=\/wp\/v2\/pages\/155\/revisions"}],"predecessor-version":[{"id":182,"href":"https:\/\/advocaciapistilli.com.br\/index.php?rest_route=\/wp\/v2\/pages\/155\/revisions\/182"}],"wp:attachment":[{"href":"https:\/\/advocaciapistilli.com.br\/index.php?rest_route=%2Fwp%2Fv2%2Fmedia&parent=155"}],"curies":[{"name":"wp","href":"https:\/\/api.w.org\/{rel}","templated":true}]}}