{"id":141,"date":"2015-09-11T14:48:29","date_gmt":"2015-09-11T14:48:29","guid":{"rendered":"http:\/\/www.advocaciapistilli.com.br\/novo\/?page_id=141"},"modified":"2023-07-05T20:36:34","modified_gmt":"2023-07-05T20:36:34","slug":"newsletter","status":"publish","type":"page","link":"https:\/\/advocaciapistilli.com.br\/?page_id=141","title":{"rendered":"NEWSLETTER"},"content":{"rendered":"<p>Cadastre-se para receber nossa Newsletter, fique informada de informa\u00e7\u00f5es importantes relativas a pol\u00edtica, economia, leis entre outros.<br \/>\n<script type=\"text\/javascript\">\/\/ <![CDATA[\nif (typeof newsletter_check !== \"function\") {\nwindow.newsletter_check = function (f) {\n    var re = \/^([a-zA-Z0-9_\\.\\-\\+])+\\@(([a-zA-Z0-9\\-]{1,})+\\.)+([a-zA-Z0-9]{2,})+$\/;\n    if (!re.test(f.elements[\"ne\"].value)) {\n        alert(\"O e-mail n\u00e3o esta correto\");\n        return false;\n    }\n    for (var i=1; i<20; i++) {     if (f.elements[\"np\" + i] &#038;&#038; f.elements[\"np\" + i].required &#038;&#038; f.elements[\"np\" + i].value == \"\") {         alert(\"\");         return false;     }     }     if (f.elements[\"ny\"] &#038;&#038; !f.elements[\"ny\"].checked) {         alert(\"Voc\u00ea deve aceitar este termo de privacidade\");         return false;     }     return true; } }\n\/\/ ]]><\/script><\/p>\n<div class=\"newsletter newsletter-subscription\">\n<form action=\"http:\/\/www.advocaciapistilli.com.br\/novo\/wp-content\/plugins\/newsletter\/do\/subscribe.php\" method=\"post\">\n<table style=\"height: 173px;\" border=\"0\" width=\"638\" cellspacing=\"0\" cellpadding=\"3\"><!-- email --><\/p>\n<tbody>\n<tr>\n<th>E-mail<\/th>\n<td align=\"left\"><input class=\"newsletter-email\" name=\"ne\" required=\"\" size=\"30\" type=\"email\" \/><\/td>\n<\/tr>\n<tr>\n<td class=\"newsletter-td-submit\" colspan=\"2\"><input class=\"newsletter-submit\" type=\"submit\" value=\"Enviar\" \/><\/td>\n<\/tr>\n<\/tbody>\n<\/table>\n<\/form>\n<\/div>\n","protected":false},"excerpt":{"rendered":"<p>Cadastre-se para receber nossa Newsletter, fique informada de informa\u00e7\u00f5es importantes relativas a pol\u00edtica, economia, leis entre outros. E-mail<\/p>\n","protected":false},"author":1,"featured_media":0,"parent":0,"menu_order":0,"comment_status":"open","ping_status":"open","template":"","meta":{"footnotes":""},"class_list":["post-141","page","type-page","status-publish","hentry"],"_links":{"self":[{"href":"https:\/\/advocaciapistilli.com.br\/index.php?rest_route=\/wp\/v2\/pages\/141","targetHints":{"allow":["GET"]}}],"collection":[{"href":"https:\/\/advocaciapistilli.com.br\/index.php?rest_route=\/wp\/v2\/pages"}],"about":[{"href":"https:\/\/advocaciapistilli.com.br\/index.php?rest_route=\/wp\/v2\/types\/page"}],"author":[{"embeddable":true,"href":"https:\/\/advocaciapistilli.com.br\/index.php?rest_route=\/wp\/v2\/users\/1"}],"replies":[{"embeddable":true,"href":"https:\/\/advocaciapistilli.com.br\/index.php?rest_route=%2Fwp%2Fv2%2Fcomments&post=141"}],"version-history":[{"count":3,"href":"https:\/\/advocaciapistilli.com.br\/index.php?rest_route=\/wp\/v2\/pages\/141\/revisions"}],"predecessor-version":[{"id":186,"href":"https:\/\/advocaciapistilli.com.br\/index.php?rest_route=\/wp\/v2\/pages\/141\/revisions\/186"}],"wp:attachment":[{"href":"https:\/\/advocaciapistilli.com.br\/index.php?rest_route=%2Fwp%2Fv2%2Fmedia&parent=141"}],"curies":[{"name":"wp","href":"https:\/\/api.w.org\/{rel}","templated":true}]}}